{"id":226,"date":"2025-01-24T00:34:35","date_gmt":"2025-01-24T00:34:35","guid":{"rendered":"https:\/\/www.jsvelez.com\/smokli\/?page_id=226"},"modified":"2025-02-13T13:25:38","modified_gmt":"2025-02-13T13:25:38","slug":"menu","status":"publish","type":"page","link":"https:\/\/smokli.com\/es\/menu\/","title":{"rendered":"Menu"},"content":{"rendered":"<div data-elementor-type=\"wp-page\" data-elementor-id=\"226\" class=\"elementor elementor-226\" data-elementor-post-type=\"page\">\n\t\t\t\t<div class=\"elementor-element elementor-element-ba72f3d e-con-full e-flex e-con e-parent\" data-id=\"ba72f3d\" data-element_type=\"container\">\n\t\t<div class=\"elementor-element elementor-element-37c8752 e-con-full e-flex e-con e-child\" data-id=\"37c8752\" data-element_type=\"container\">\n\t\t\t\t<div class=\"elementor-element elementor-element-a11e71f elementor-invisible elementor-widget elementor-widget-image\" data-id=\"a11e71f\" data-element_type=\"widget\" data-settings=\"{&quot;motion_fx_motion_fx_scrolling&quot;:&quot;yes&quot;,&quot;motion_fx_scale_effect&quot;:&quot;yes&quot;,&quot;motion_fx_scale_direction&quot;:&quot;in-out&quot;,&quot;motion_fx_scale_speed&quot;:{&quot;unit&quot;:&quot;px&quot;,&quot;size&quot;:2,&quot;sizes&quot;:[]},&quot;_animation&quot;:&quot;fadeInLeft&quot;,&quot;motion_fx_scale_range&quot;:{&quot;unit&quot;:&quot;%&quot;,&quot;size&quot;:&quot;&quot;,&quot;sizes&quot;:{&quot;start&quot;:20,&quot;end&quot;:80}},&quot;motion_fx_devices&quot;:[&quot;desktop&quot;,&quot;tablet&quot;,&quot;mobile&quot;]}\" data-widget_type=\"image.default\">\n\t\t\t\t<div class=\"elementor-widget-container\">\n\t\t\t\t\t\t\t\t\t\t\t\t\t\t\t<img fetchpriority=\"high\" decoding=\"async\" width=\"825\" height=\"825\" src=\"https:\/\/smokli.com\/wp-content\/uploads\/2025\/02\/sandwich.png\" class=\"attachment-full size-full wp-image-567\" alt=\"\" srcset=\"https:\/\/smokli.com\/wp-content\/uploads\/2025\/02\/sandwich.png 825w, https:\/\/smokli.com\/wp-content\/uploads\/2025\/02\/sandwich-300x300.png 300w, https:\/\/smokli.com\/wp-content\/uploads\/2025\/02\/sandwich-150x150.png 150w, https:\/\/smokli.com\/wp-content\/uploads\/2025\/02\/sandwich-768x768.png 768w\" sizes=\"(max-width: 825px) 100vw, 825px\" \/>\t\t\t\t\t\t\t\t\t\t\t\t\t\t\t<\/div>\n\t\t\t\t<\/div>\n\t\t\t\t<\/div>\n\t\t<div class=\"elementor-element elementor-element-5b72c7b e-con-full e-flex e-con e-child\" data-id=\"5b72c7b\" data-element_type=\"container\">\n\t\t\t\t<div class=\"elementor-element elementor-element-4acb1a8 elementor-widget elementor-widget-heading\" data-id=\"4acb1a8\" data-element_type=\"widget\" data-widget_type=\"heading.default\">\n\t\t\t\t<div class=\"elementor-widget-container\">\n\t\t\t\t\t<h2 class=\"elementor-heading-title elementor-size-default\">Carnes Ahumadas\n<\/h2>\t\t\t\t<\/div>\n\t\t\t\t<\/div>\n\t\t\t\t<div class=\"elementor-element elementor-element-aab09bb elementor-widget__width-initial elementor-widget elementor-widget-text-editor\" data-id=\"aab09bb\" data-element_type=\"widget\" data-widget_type=\"text-editor.default\">\n\t\t\t\t<div class=\"elementor-widget-container\">\n\t\t\t\t\t\t\t\t\t<article class=\"w-full text-token-text-primary focus-visible:outline-2 focus-visible:outline-offset-[-4px]\" dir=\"auto\" data-testid=\"conversation-turn-29\" data-scroll-anchor=\"false\"><div class=\"m-auto text-base py-[18px] px-6\"><div class=\"mx-auto flex flex-1 gap-4 text-base md:gap-5 lg:gap-6 md:max-w-3xl lg:max-w-[40rem] xl:max-w-[48rem]\"><div class=\"group\/conversation-turn relative flex w-full min-w-0 flex-col agent-turn @xs\/thread:px-0 @sm\/thread:px-1.5 @md\/thread:px-4\"><div class=\"flex-col gap-1 md:gap-3\"><div class=\"flex max-w-full flex-col flex-grow\"><div class=\"min-h-8 text-message flex w-full flex-col items-end gap-2 whitespace-normal break-words text-start [.text-message+&amp;]:mt-5\" dir=\"auto\" data-message-author-role=\"assistant\" data-message-id=\"54ac720a-cafa-41d9-85e4-b619fa2478e7\" data-message-model-slug=\"gpt-4o\"><div class=\"flex w-full flex-col gap-1 empty:hidden first:pt-[3px]\"><div class=\"markdown prose w-full break-words dark:prose-invert dark\"><p data-start=\"23\" data-end=\"195\">Nuestras carnes ahumadas son el coraz\u00f3n de nuestro men\u00fa. Con t\u00e9cnicas tradicionales y una mezcla de maderas seleccionadas, logramos un sabor profundo y aut\u00e9ntico que resalta en cada plato.<\/p><p data-start=\"197\" data-end=\"261\"><strong data-start=\"197\" data-end=\"222\">Pechuga de Pollo Ahumada<\/strong> \u2013 Suave, jugosa y llena de sabor.<\/p><p data-start=\"263\" data-end=\"339\"><strong data-start=\"263\" data-end=\"278\">Costillas Ahumadas<\/strong> \u2013 Tiernas, glaseadas con nuestra salsa especial.<\/p><p data-start=\"341\" data-end=\"390\" data-is-last-node=\"\"><strong data-start=\"341\" data-end=\"359\">Brisket Ahumado<\/strong> \u2013 La joya de la barbacoa americana, suculento y lleno de sabor.<\/p><\/div><\/div><\/div><\/div><\/div><\/div><\/div><\/div><\/article>\t\t\t\t\t\t\t\t<\/div>\n\t\t\t\t<\/div>\n\t\t\t\t<\/div>\n\t\t\t\t<\/div>\n\t\t<div class=\"elementor-element elementor-element-c230e46 e-con-full e-flex e-con e-parent\" data-id=\"c230e46\" data-element_type=\"container\">\n\t\t<div class=\"elementor-element elementor-element-b7abd6d e-con-full e-flex e-con e-child\" data-id=\"b7abd6d\" data-element_type=\"container\">\n\t\t\t\t<div class=\"elementor-element elementor-element-545da33 elementor-widget elementor-widget-heading\" data-id=\"545da33\" data-element_type=\"widget\" data-widget_type=\"heading.default\">\n\t\t\t\t<div class=\"elementor-widget-container\">\n\t\t\t\t\t<h2 class=\"elementor-heading-title elementor-size-default\">Ensaladas Frescas\n\n<\/h2>\t\t\t\t<\/div>\n\t\t\t\t<\/div>\n\t\t\t\t<div class=\"elementor-element elementor-element-b02b506 elementor-widget__width-initial elementor-widget elementor-widget-text-editor\" data-id=\"b02b506\" data-element_type=\"widget\" data-widget_type=\"text-editor.default\">\n\t\t\t\t<div class=\"elementor-widget-container\">\n\t\t\t\t\t\t\t\t\t<p data-start=\"23\" data-end=\"239\">Sabemos que lo fresco es lo mejor, por eso nuestras ensaladas est\u00e1n preparadas con los ingredientes m\u00e1s frescos y llenos de sabor. Puedes elegir entre nuestras recetas o crear tu propia ensalada con ingredientes a tu gusto.<\/p><p data-start=\"241\" data-end=\"348\"><strong data-start=\"241\" data-end=\"256\">Smokli Salad<\/strong> \u2013 Pollo ahumado, r\u00fagula, pepinos, tomates, cebolla roja, queso ahumado, ranch dressing.<\/p><p data-start=\"350\" data-end=\"432\" data-is-last-node=\"\"><strong data-start=\"350\" data-end=\"367\">Ensalada de Espinaca<\/strong> \u2013 Tomates cherry, espinaca, cebolla roja, peas, Citrus Vinaigrette.<\/p>\t\t\t\t\t\t\t\t<\/div>\n\t\t\t\t<\/div>\n\t\t\t\t<\/div>\n\t\t<div class=\"elementor-element elementor-element-2d1cdab e-con-full e-flex e-con e-child\" data-id=\"2d1cdab\" data-element_type=\"container\">\n\t\t\t\t<div class=\"elementor-element elementor-element-e6512bf elementor-invisible elementor-widget elementor-widget-image\" data-id=\"e6512bf\" data-element_type=\"widget\" data-settings=\"{&quot;motion_fx_motion_fx_scrolling&quot;:&quot;yes&quot;,&quot;motion_fx_scale_effect&quot;:&quot;yes&quot;,&quot;motion_fx_scale_direction&quot;:&quot;in-out&quot;,&quot;motion_fx_scale_speed&quot;:{&quot;unit&quot;:&quot;px&quot;,&quot;size&quot;:2,&quot;sizes&quot;:[]},&quot;_animation&quot;:&quot;fadeInRight&quot;,&quot;motion_fx_scale_range&quot;:{&quot;unit&quot;:&quot;%&quot;,&quot;size&quot;:&quot;&quot;,&quot;sizes&quot;:{&quot;start&quot;:20,&quot;end&quot;:80}},&quot;motion_fx_devices&quot;:[&quot;desktop&quot;,&quot;tablet&quot;,&quot;mobile&quot;]}\" data-widget_type=\"image.default\">\n\t\t\t\t<div class=\"elementor-widget-container\">\n\t\t\t\t\t\t\t\t\t\t\t\t\t\t\t<img decoding=\"async\" width=\"791\" height=\"692\" src=\"https:\/\/smokli.com\/wp-content\/uploads\/2025\/02\/salad-1.webp\" class=\"attachment-full size-full wp-image-565\" alt=\"\" srcset=\"https:\/\/smokli.com\/wp-content\/uploads\/2025\/02\/salad-1.webp 791w, https:\/\/smokli.com\/wp-content\/uploads\/2025\/02\/salad-1-300x262.webp 300w, https:\/\/smokli.com\/wp-content\/uploads\/2025\/02\/salad-1-768x672.webp 768w\" sizes=\"(max-width: 791px) 100vw, 791px\" \/>\t\t\t\t\t\t\t\t\t\t\t\t\t\t\t<\/div>\n\t\t\t\t<\/div>\n\t\t\t\t<\/div>\n\t\t\t\t<\/div>\n\t\t<div class=\"elementor-element elementor-element-b6ddfe2 e-con-full e-flex e-con e-parent\" data-id=\"b6ddfe2\" data-element_type=\"container\" data-settings=\"{&quot;background_background&quot;:&quot;classic&quot;}\">\n\t\t<div class=\"elementor-element elementor-element-8d18ab6 e-con-full e-flex e-con e-child\" data-id=\"8d18ab6\" data-element_type=\"container\">\n\t\t\t\t<div class=\"elementor-element elementor-element-86f2ad7 elementor-invisible elementor-widget elementor-widget-image\" data-id=\"86f2ad7\" data-element_type=\"widget\" data-settings=\"{&quot;motion_fx_motion_fx_scrolling&quot;:&quot;yes&quot;,&quot;_animation&quot;:&quot;fadeInLeft&quot;,&quot;motion_fx_devices&quot;:[&quot;desktop&quot;,&quot;tablet&quot;,&quot;mobile&quot;]}\" data-widget_type=\"image.default\">\n\t\t\t\t<div class=\"elementor-widget-container\">\n\t\t\t\t\t\t\t\t\t\t\t\t\t\t\t<img decoding=\"async\" width=\"615\" height=\"591\" src=\"https:\/\/smokli.com\/wp-content\/uploads\/2025\/02\/batidos-e1738410786691.webp\" class=\"attachment-full size-full wp-image-568\" alt=\"\" srcset=\"https:\/\/smokli.com\/wp-content\/uploads\/2025\/02\/batidos-e1738410786691.webp 615w, https:\/\/smokli.com\/wp-content\/uploads\/2025\/02\/batidos-e1738410786691-300x288.webp 300w\" sizes=\"(max-width: 615px) 100vw, 615px\" \/>\t\t\t\t\t\t\t\t\t\t\t\t\t\t\t<\/div>\n\t\t\t\t<\/div>\n\t\t\t\t<\/div>\n\t\t<div class=\"elementor-element elementor-element-12a6b05 e-con-full e-flex e-con e-child\" data-id=\"12a6b05\" data-element_type=\"container\">\n\t\t\t\t<div class=\"elementor-element elementor-element-732ba1d elementor-widget elementor-widget-heading\" data-id=\"732ba1d\" data-element_type=\"widget\" data-widget_type=\"heading.default\">\n\t\t\t\t<div class=\"elementor-widget-container\">\n\t\t\t\t\t<h2 class=\"elementor-heading-title elementor-size-default\">Batidos Naturales\n\n<\/h2>\t\t\t\t<\/div>\n\t\t\t\t<\/div>\n\t\t\t\t<div class=\"elementor-element elementor-element-13ff4ce elementor-widget__width-initial elementor-widget elementor-widget-text-editor\" data-id=\"13ff4ce\" data-element_type=\"widget\" data-widget_type=\"text-editor.default\">\n\t\t\t\t<div class=\"elementor-widget-container\">\n\t\t\t\t\t\t\t\t\t<p data-start=\"28\" data-end=\"169\">Nuestros batidos son la opci\u00f3n perfecta para refrescarte y nutrirte al mismo tiempo. Hechos con frutas frescas y naturales, sin az\u00facares a\u00f1adidos.<\/p><p data-start=\"171\" data-end=\"210\" data-is-last-node=\"\"><strong data-start=\"171\" data-end=\"210\" data-is-last-node=\"\">Batido de Fresas, banano, Mango.<\/strong><\/p>\t\t\t\t\t\t\t\t<\/div>\n\t\t\t\t<\/div>\n\t\t\t\t<div class=\"elementor-element elementor-element-7250577 elementor-widget elementor-widget-image\" data-id=\"7250577\" data-element_type=\"widget\" data-widget_type=\"image.default\">\n\t\t\t\t<div class=\"elementor-widget-container\">\n\t\t\t\t\t\t\t\t\t\t\t\t\t\t\t\t<a href=\"https:\/\/smokli.com\/wp-content\/uploads\/2025\/02\/MenuDigital_smokli.pdf\" target=\"_blank\">\n\t\t\t\t\t\t\t<img loading=\"lazy\" decoding=\"async\" width=\"585\" height=\"301\" src=\"https:\/\/smokli.com\/wp-content\/uploads\/2025\/02\/descargar.png\" class=\"attachment-full size-full wp-image-1254\" alt=\"\" srcset=\"https:\/\/smokli.com\/wp-content\/uploads\/2025\/02\/descargar.png 586w, https:\/\/smokli.com\/wp-content\/uploads\/2025\/02\/descargar-300x154.png 300w\" sizes=\"(max-width: 585px) 100vw, 585px\" \/>\t\t\t\t\t\t\t\t<\/a>\n\t\t\t\t\t\t\t\t\t\t\t\t\t\t\t<\/div>\n\t\t\t\t<\/div>\n\t\t\t\t<\/div>\n\t\t\t\t<\/div>\n\t\t<div class=\"elementor-element elementor-element-44d4160 e-flex e-con-boxed e-con e-parent\" data-id=\"44d4160\" data-element_type=\"container\" data-settings=\"{&quot;background_background&quot;:&quot;classic&quot;}\">\n\t\t\t\t\t<div class=\"e-con-inner\">\n\t\t\t\t\t<\/div>\n\t\t\t\t<\/div>\n\t\t\t\t<\/div>","protected":false},"excerpt":{"rendered":"<p>Authentic Smoked Meats Our smoked meats are the heart of our menu. Using traditional techniques and a blend of selected woods, we achieve a deep, authentic flavor that stands out in every dish. Smoked Chicken Breast \u2013 Tender, juicy, and full of flavor. Smoked Ribs \u2013 Fall-off-the-bone tender, glazed with our special sauce. Smoked Brisket [&hellip;]<\/p>","protected":false},"author":1,"featured_media":0,"parent":0,"menu_order":0,"comment_status":"closed","ping_status":"closed","template":"elementor_header_footer","meta":{"footnotes":""},"class_list":["post-226","page","type-page","status-publish","hentry"],"_links":{"self":[{"href":"https:\/\/smokli.com\/es\/wp-json\/wp\/v2\/pages\/226","targetHints":{"allow":["GET"]}}],"collection":[{"href":"https:\/\/smokli.com\/es\/wp-json\/wp\/v2\/pages"}],"about":[{"href":"https:\/\/smokli.com\/es\/wp-json\/wp\/v2\/types\/page"}],"author":[{"embeddable":true,"href":"https:\/\/smokli.com\/es\/wp-json\/wp\/v2\/users\/1"}],"replies":[{"embeddable":true,"href":"https:\/\/smokli.com\/es\/wp-json\/wp\/v2\/comments?post=226"}],"version-history":[{"count":235,"href":"https:\/\/smokli.com\/es\/wp-json\/wp\/v2\/pages\/226\/revisions"}],"predecessor-version":[{"id":1278,"href":"https:\/\/smokli.com\/es\/wp-json\/wp\/v2\/pages\/226\/revisions\/1278"}],"wp:attachment":[{"href":"https:\/\/smokli.com\/es\/wp-json\/wp\/v2\/media?parent=226"}],"curies":[{"name":"wp","href":"https:\/\/api.w.org\/{rel}","templated":true}]}}