{"id":698,"date":"2025-02-01T12:11:36","date_gmt":"2025-02-01T12:11:36","guid":{"rendered":"https:\/\/www.jsvelez.com\/smokli\/?page_id=698"},"modified":"2025-02-13T13:35:32","modified_gmt":"2025-02-13T13:35:32","slug":"sobre-nosotros","status":"publish","type":"page","link":"https:\/\/smokli.com\/es\/sobre-nosotros\/","title":{"rendered":"Sobre Nosotros"},"content":{"rendered":"<div data-elementor-type=\"wp-page\" data-elementor-id=\"698\" class=\"elementor elementor-698\" data-elementor-post-type=\"page\">\n\t\t\t\t<div class=\"elementor-element elementor-element-25b7a2f e-con-full e-flex e-con e-parent\" data-id=\"25b7a2f\" data-element_type=\"container\" data-settings=\"{&quot;background_background&quot;:&quot;classic&quot;}\">\n\t\t<div class=\"elementor-element elementor-element-560ee64 e-con-full e-flex e-con e-child\" data-id=\"560ee64\" data-element_type=\"container\">\n\t\t\t\t<div class=\"elementor-element elementor-element-90342bc elementor-invisible elementor-widget elementor-widget-heading\" data-id=\"90342bc\" data-element_type=\"widget\" data-settings=\"{&quot;_animation&quot;:&quot;fadeInLeft&quot;}\" data-widget_type=\"heading.default\">\n\t\t\t\t<div class=\"elementor-widget-container\">\n\t\t\t\t\t<h2 class=\"elementor-heading-title elementor-size-default\">En SMOKLI\n\n\n<\/h2>\t\t\t\t<\/div>\n\t\t\t\t<\/div>\n\t\t\t\t<div class=\"elementor-element elementor-element-5c89333 elementor-widget__width-initial animated-slow elementor-invisible elementor-widget elementor-widget-text-editor\" data-id=\"5c89333\" data-element_type=\"widget\" data-settings=\"{&quot;_animation&quot;:&quot;fadeInLeft&quot;}\" data-widget_type=\"text-editor.default\">\n\t\t\t\t<div class=\"elementor-widget-container\">\n\t\t\t\t\t\t\t\t\t<p data-start=\"20\" data-end=\"345\">Combinamos lo mejor de la tradici\u00f3n del deli americano con un toque moderno. Nos especializamos en ofrecer una selecci\u00f3n de alimentos ahumados y preparados con ingredientes frescos y de calidad. Desde nuestros cl\u00e1sicos s\u00e1ndwiches hasta cada platillo refleja el sabor aut\u00e9ntico de la comida americana, servido en un ambiente acogedor y contempor\u00e1neo.<\/p>\t\t\t\t\t\t\t\t<\/div>\n\t\t\t\t<\/div>\n\t\t\t\t<div class=\"elementor-element elementor-element-d5f129e animated-fast elementor-invisible elementor-widget elementor-widget-heading\" data-id=\"d5f129e\" data-element_type=\"widget\" data-settings=\"{&quot;_animation&quot;:&quot;fadeInLeft&quot;}\" data-widget_type=\"heading.default\">\n\t\t\t\t<div class=\"elementor-widget-container\">\n\t\t\t\t\t<h2 class=\"elementor-heading-title elementor-size-default\">Nuestra Filosof\u00eda\n\n<\/h2>\t\t\t\t<\/div>\n\t\t\t\t<\/div>\n\t\t\t\t<div class=\"elementor-element elementor-element-975bed8 elementor-widget__width-initial animated-slow elementor-invisible elementor-widget elementor-widget-text-editor\" data-id=\"975bed8\" data-element_type=\"widget\" data-settings=\"{&quot;_animation&quot;:&quot;fadeInLeft&quot;}\" data-widget_type=\"text-editor.default\">\n\t\t\t\t<div class=\"elementor-widget-container\">\n\t\t\t\t\t\t\t\t\t<p>Nos apasiona mantener viva la esencia del deli cl\u00e1sico, mientras que incorporamos las tendencias modernas que las nuevas generaciones buscan: frescura, calidad y opciones innovadoras. Nuestros productos est\u00e1n hechos con ingredientes cuidadosamente seleccionados, brindando una experiencia gastron\u00f3mica que respeta las ra\u00edces americanas pero con un enfoque actual.<\/p>\t\t\t\t\t\t\t\t<\/div>\n\t\t\t\t<\/div>\n\t\t\t\t<div class=\"elementor-element elementor-element-9a1f755 elementor-invisible elementor-widget elementor-widget-heading\" data-id=\"9a1f755\" data-element_type=\"widget\" data-settings=\"{&quot;_animation&quot;:&quot;fadeInLeft&quot;}\" data-widget_type=\"heading.default\">\n\t\t\t\t<div class=\"elementor-widget-container\">\n\t\t\t\t\t<h2 class=\"elementor-heading-title elementor-size-default\">Un Sabor Aut\u00e9ntico\n\n\n<\/h2>\t\t\t\t<\/div>\n\t\t\t\t<\/div>\n\t\t\t\t<div class=\"elementor-element elementor-element-0ca7b42 elementor-widget__width-initial animated-slow elementor-invisible elementor-widget elementor-widget-text-editor\" data-id=\"0ca7b42\" data-element_type=\"widget\" data-settings=\"{&quot;_animation&quot;:&quot;fadeInLeft&quot;}\" data-widget_type=\"text-editor.default\">\n\t\t\t\t<div class=\"elementor-widget-container\">\n\t\t\t\t\t\t\t\t\t<p>En este peque\u00f1o Deli de East Rutherford, New Jersey, encontrar\u00e1s carnes ahumadas de primera, platos sencillos pero sabrosos, y un servicio c\u00e1lido en un entorno que recuerda al deli de siempre, con un giro moderno. Te invitamos a disfrutar de un pedazo de la tradici\u00f3n americana, hecho para el paladar de hoy. \u00a1Ven y prueba lo que tenemos para ti!<\/p>\t\t\t\t\t\t\t\t<\/div>\n\t\t\t\t<\/div>\n\t\t\t\t<\/div>\n\t\t<div class=\"elementor-element elementor-element-42d3fd1 e-con-full e-flex e-con e-child\" data-id=\"42d3fd1\" data-element_type=\"container\">\n\t\t\t\t<div class=\"elementor-element elementor-element-da3ce58 animated-slow elementor-invisible elementor-widget elementor-widget-image\" data-id=\"da3ce58\" data-element_type=\"widget\" data-settings=\"{&quot;_animation&quot;:&quot;fadeInUp&quot;}\" data-widget_type=\"image.default\">\n\t\t\t\t<div class=\"elementor-widget-container\">\n\t\t\t\t\t\t\t\t\t\t\t\t\t\t\t<img fetchpriority=\"high\" decoding=\"async\" width=\"1087\" height=\"1368\" src=\"https:\/\/smokli.com\/wp-content\/uploads\/2025\/02\/plate-burger.webp\" class=\"attachment-full size-full wp-image-718\" alt=\"\" srcset=\"https:\/\/smokli.com\/wp-content\/uploads\/2025\/02\/plate-burger.webp 1087w, https:\/\/smokli.com\/wp-content\/uploads\/2025\/02\/plate-burger-238x300.webp 238w, https:\/\/smokli.com\/wp-content\/uploads\/2025\/02\/plate-burger-814x1024.webp 814w, https:\/\/smokli.com\/wp-content\/uploads\/2025\/02\/plate-burger-768x967.webp 768w\" sizes=\"(max-width: 1087px) 100vw, 1087px\" \/>\t\t\t\t\t\t\t\t\t\t\t\t\t\t\t<\/div>\n\t\t\t\t<\/div>\n\t\t\t\t<\/div>\n\t\t\t\t<\/div>\n\t\t<div class=\"elementor-element elementor-element-1f2b701 e-flex e-con-boxed e-con e-parent\" data-id=\"1f2b701\" data-element_type=\"container\" data-settings=\"{&quot;background_background&quot;:&quot;classic&quot;}\">\n\t\t\t\t\t<div class=\"e-con-inner\">\n\t\t\t\t\t<\/div>\n\t\t\t\t<\/div>\n\t\t\t\t<\/div>","protected":false},"excerpt":{"rendered":"<p>At SMOKLI We combine the best of traditional American deli with a modern touch. We specialize in offering a selection of smoked foods, prepared with fresh, high-quality ingredients. From our classic sandwiches to every dish on our menu, we reflect the authentic flavors of American cuisine, served in a cozy and contemporary setting. Our Philosophy [&hellip;]<\/p>","protected":false},"author":1,"featured_media":0,"parent":0,"menu_order":0,"comment_status":"closed","ping_status":"closed","template":"elementor_header_footer","meta":{"footnotes":""},"class_list":["post-698","page","type-page","status-publish","hentry"],"_links":{"self":[{"href":"https:\/\/smokli.com\/es\/wp-json\/wp\/v2\/pages\/698","targetHints":{"allow":["GET"]}}],"collection":[{"href":"https:\/\/smokli.com\/es\/wp-json\/wp\/v2\/pages"}],"about":[{"href":"https:\/\/smokli.com\/es\/wp-json\/wp\/v2\/types\/page"}],"author":[{"embeddable":true,"href":"https:\/\/smokli.com\/es\/wp-json\/wp\/v2\/users\/1"}],"replies":[{"embeddable":true,"href":"https:\/\/smokli.com\/es\/wp-json\/wp\/v2\/comments?post=698"}],"version-history":[{"count":109,"href":"https:\/\/smokli.com\/es\/wp-json\/wp\/v2\/pages\/698\/revisions"}],"predecessor-version":[{"id":1285,"href":"https:\/\/smokli.com\/es\/wp-json\/wp\/v2\/pages\/698\/revisions\/1285"}],"wp:attachment":[{"href":"https:\/\/smokli.com\/es\/wp-json\/wp\/v2\/media?parent=698"}],"curies":[{"name":"wp","href":"https:\/\/api.w.org\/{rel}","templated":true}]}}